{"id":1617,"date":"2019-05-21T13:22:44","date_gmt":"2019-05-21T13:22:44","guid":{"rendered":"https:\/\/publicite.cz\/?page_id=1617"},"modified":"2019-10-29T08:42:13","modified_gmt":"2019-10-29T08:42:13","slug":"portfolio","status":"publish","type":"page","link":"https:\/\/publicite.cz\/en\/portfolio\/","title":{"rendered":"Portfolio"},"content":{"rendered":"<div class=\"wpb-content-wrapper\"><p>[vc_row][vc_column][vc_custom_heading text=&#8221;Reserved&#8221; use_theme_fonts=&#8221;yes&#8221;][vc_video link=&#8221;https:\/\/youtu.be\/s_DXyQ_h4P0&#8243; align=&#8221;center&#8221;][vc_media_grid element_width=&#8221;3&#8243; grid_id=&#8221;vc_gid:1572338505587-55c9ecc8-ead9-1&#8243; include=&#8221;1660,1659,1672,1536&#8243;][vc_video link=&#8221;https:\/\/youtu.be\/2HeKTlMVqm8&#8243; align=&#8221;center&#8221;][vc_video link=&#8221;https:\/\/youtu.be\/JQCwr2qjrlI&#8221; align=&#8221;center&#8221;][vc_video link=&#8221;https:\/\/youtu.be\/-yjrI-XCvps&#8221; align=&#8221;center&#8221;][vc_custom_heading text=&#8221;CCC&#8221; use_theme_fonts=&#8221;yes&#8221;][vc_video link=&#8221;https:\/\/youtu.be\/H5pjAM7HiXo&#8221; align=&#8221;center&#8221;][vc_video link=&#8221;https:\/\/youtu.be\/RIO5FfL9B_Y&#8221; align=&#8221;center&#8221;][vc_media_grid element_width=&#8221;3&#8243; grid_id=&#8221;vc_gid:1572338505588-f6b64662-d376-0&#8243; include=&#8221;1686,1684,1688,1690&#8243;][vc_video link=&#8221;https:\/\/youtu.be\/Jbo_U7NsGrE&#8221; align=&#8221;center&#8221;][vc_video link=&#8221;https:\/\/youtu.be\/7&#8211;tG4ek3Vs&#8221; align=&#8221;center&#8221;][vc_video link=&#8221;https:\/\/youtu.be\/jWOwfUoV4kg&#8221; align=&#8221;center&#8221;][vc_media_grid element_width=&#8221;3&#8243; grid_id=&#8221;vc_gid:1572338505589-2f7ffc66-9c0e-3&#8243; include=&#8221;1450,1670,1665,1666,1663,1667,1664,1668&#8243;][vc_video link=&#8221;https:\/\/youtu.be\/wFCFlCpPW1A&#8221; align=&#8221;center&#8221;][vc_custom_heading text=&#8221;Ford&#8221; use_theme_fonts=&#8221;yes&#8221;][vc_video link=&#8221;https:\/\/youtu.be\/0kSOcwODaf8&#8243; align=&#8221;center&#8221;][vc_media_grid element_width=&#8221;3&#8243; grid_id=&#8221;vc_gid:1572338505590-f0cd0598-7c8d-0&#8243; include=&#8221;1602,1603,1675,1604,1608,1681,1677,1679&#8243;][vc_custom_heading text=&#8221;Frisco&#8221; use_theme_fonts=&#8221;yes&#8221;][vc_video link=&#8221;https:\/\/youtu.be\/brDX0kKcmRo&#8221; align=&#8221;center&#8221;][vc_media_grid element_width=&#8221;3&#8243; grid_id=&#8221;vc_gid:1572338505590-8b99c2c4-00ef-4&#8243; include=&#8221;1693,1699,1695,1697,1701,1696,1698,1702&#8243;][vc_custom_heading text=&#8221;Dny \u010cesk\u00e9ho piva&#8221; use_theme_fonts=&#8221;yes&#8221;][vc_media_grid element_width=&#8221;3&#8243; grid_id=&#8221;vc_gid:1572338505591-2484d1b1-75cc-5&#8243; include=&#8221;1779,1780,1781,1782&#8243;][vc_custom_heading text=&#8221;Geox&#8221; use_theme_fonts=&#8221;yes&#8221;][vc_media_grid element_width=&#8221;3&#8243; grid_id=&#8221;vc_gid:1572338505591-ce59f2e8-aec3-6&#8243; include=&#8221;1710,1707,1711,1528,1713,1708,1709,1614&#8243;][vc_custom_heading text=&#8221;Herbacos&#8221; use_theme_fonts=&#8221;yes&#8221;][vc_video link=&#8221;https:\/\/youtu.be\/GSlnZUncdZ4&#8243; align=&#8221;center&#8221;][vc_video link=&#8221;https:\/\/youtu.be\/3F5uCT5mlWk&#8221; align=&#8221;center&#8221;][vc_video link=&#8221;https:\/\/youtu.be\/-i4U-NXBz7o&#8221; align=&#8221;center&#8221;][vc_video link=&#8221;https:\/\/youtu.be\/TfM_nQJz92g&#8221; align=&#8221;center&#8221;][vc_custom_heading text=&#8221;Ministerstvo \u017eivotn\u00edho prost\u0159ed\u00ed&#8221; use_theme_fonts=&#8221;yes&#8221;][vc_media_grid element_width=&#8221;3&#8243; grid_id=&#8221;vc_gid:1572338505592-dba7f1af-9f6b-6&#8243; include=&#8221;1741,1740,1746,1756,1757,1735,1737,1754,1766,1751,1736,1738,1739,1744,1763,1753,1759,1748,1761,1743,1742,1745,1749,1750,1752,1755,1758,1760,1762,1764,1765,1767&#8243;][vc_custom_heading text=&#8221;Ministerstvo zdravotnictv\u00ed \u010cesk\u00e9 republiky&#8221; use_theme_fonts=&#8221;yes&#8221;][vc_video link=&#8221;https:\/\/youtu.be\/soKYdMVFhIs&#8221; align=&#8221;center&#8221;][vc_video link=&#8221;https:\/\/youtu.be\/LqwuYgeLIkM&#8221; align=&#8221;center&#8221;][vc_video link=&#8221;https:\/\/youtu.be\/SB7VdX9tWfA&#8221; align=&#8221;center&#8221;][vc_video link=&#8221;https:\/\/youtu.be\/sC6-kmjEk4E&#8221; align=&#8221;center&#8221;][vc_media_grid element_width=&#8221;3&#8243; grid_id=&#8221;vc_gid:1572338505592-85d4c918-b639-7&#8243; include=&#8221;1722,1723,1724,1727,1728,1729,1730,1731&#8243;][vc_custom_heading text=&#8221;L\u00e9k\u00e1rna U Hygie&#8221; use_theme_fonts=&#8221;yes&#8221;][vc_video link=&#8221;https:\/\/youtu.be\/eYnrAacjucI&#8221; align=&#8221;center&#8221;][vc_custom_heading text=&#8221;Rybilka&#8221; use_theme_fonts=&#8221;yes&#8221;][vc_media_grid element_width=&#8221;3&#8243; grid_id=&#8221;vc_gid:1572338505593-9d58f55f-62c2-1&#8243; include=&#8221;1777,1774,1776,1775&#8243;][\/vc_column][\/vc_row]<\/p>\n<\/div>","protected":false},"excerpt":{"rendered":"<p>[vc_row][vc_column][vc_custom_heading text=&#8221;Reserved&#8221; use_theme_fonts=&#8221;yes&#8221;][vc_video link=&#8221;https:\/\/youtu.be\/s_DXyQ_h4P0&#8243; align=&#8221;center&#8221;][vc_media_grid element_width=&#8221;3&#8243; grid_id=&#8221;vc_gid:1572338505587-55c9ecc8-ead9-1&#8243; include=&#8221;1660,1659,1672,1536&#8243;][vc_video link=&#8221;https:\/\/youtu.be\/2HeKTlMVqm8&#8243; align=&#8221;center&#8221;][vc_video link=&#8221;https:\/\/youtu.be\/JQCwr2qjrlI&#8221; align=&#8221;center&#8221;][vc_video link=&#8221;https:\/\/youtu.be\/-yjrI-XCvps&#8221; align=&#8221;center&#8221;][vc_custom_heading text=&#8221;CCC&#8221; use_theme_fonts=&#8221;yes&#8221;][vc_video link=&#8221;https:\/\/youtu.be\/H5pjAM7HiXo&#8221; align=&#8221;center&#8221;][vc_video link=&#8221;https:\/\/youtu.be\/RIO5FfL9B_Y&#8221; align=&#8221;center&#8221;][vc_media_grid element_width=&#8221;3&#8243; grid_id=&#8221;vc_gid:1572338505588-f6b64662-d376-0&#8243; include=&#8221;1686,1684,1688,1690&#8243;][vc_video link=&#8221;https:\/\/youtu.be\/Jbo_U7NsGrE&#8221; align=&#8221;center&#8221;][vc_video link=&#8221;https:\/\/youtu.be\/7&#8211;tG4ek3Vs&#8221; align=&#8221;center&#8221;][vc_video link=&#8221;https:\/\/youtu.be\/jWOwfUoV4kg&#8221; align=&#8221;center&#8221;][vc_media_grid element_width=&#8221;3&#8243; grid_id=&#8221;vc_gid:1572338505589-2f7ffc66-9c0e-3&#8243; include=&#8221;1450,1670,1665,1666,1663,1667,1664,1668&#8243;][vc_video link=&#8221;https:\/\/youtu.be\/wFCFlCpPW1A&#8221; align=&#8221;center&#8221;][vc_custom_heading text=&#8221;Ford&#8221; use_theme_fonts=&#8221;yes&#8221;][vc_video link=&#8221;https:\/\/youtu.be\/0kSOcwODaf8&#8243; align=&#8221;center&#8221;][vc_media_grid element_width=&#8221;3&#8243; grid_id=&#8221;vc_gid:1572338505590-f0cd0598-7c8d-0&#8243;&#8230;<\/p>\n","protected":false},"author":2,"featured_media":0,"parent":0,"menu_order":0,"comment_status":"closed","ping_status":"closed","template":"","meta":{"footnotes":""},"_links":{"self":[{"href":"https:\/\/publicite.cz\/en\/wp-json\/wp\/v2\/pages\/1617"}],"collection":[{"href":"https:\/\/publicite.cz\/en\/wp-json\/wp\/v2\/pages"}],"about":[{"href":"https:\/\/publicite.cz\/en\/wp-json\/wp\/v2\/types\/page"}],"author":[{"embeddable":true,"href":"https:\/\/publicite.cz\/en\/wp-json\/wp\/v2\/users\/2"}],"replies":[{"embeddable":true,"href":"https:\/\/publicite.cz\/en\/wp-json\/wp\/v2\/comments?post=1617"}],"version-history":[{"count":7,"href":"https:\/\/publicite.cz\/en\/wp-json\/wp\/v2\/pages\/1617\/revisions"}],"predecessor-version":[{"id":1808,"href":"https:\/\/publicite.cz\/en\/wp-json\/wp\/v2\/pages\/1617\/revisions\/1808"}],"wp:attachment":[{"href":"https:\/\/publicite.cz\/en\/wp-json\/wp\/v2\/media?parent=1617"}],"curies":[{"name":"wp","href":"https:\/\/api.w.org\/{rel}","templated":true}]}}