{"id":1113,"date":"2016-12-31T14:19:05","date_gmt":"2016-12-31T14:19:05","guid":{"rendered":"http:\/\/publicite.mark31.cz\/rigel-agency\/"},"modified":"2025-01-25T16:55:37","modified_gmt":"2025-01-25T16:55:37","slug":"rigel-agency","status":"publish","type":"page","link":"https:\/\/publicite.cz\/en\/","title":{"rendered":"Homepage"},"content":{"rendered":"<div class=\"wpb-content-wrapper\"><p>[vc_row full_width=&#8221;stretch_row&#8221; css=&#8221;.vc_custom_1559040235928{background: #3e3d3e url(https:\/\/publicite.cz\/wp-content\/uploads\/2019\/05\/zahlaviV03.jpg?id=1482) !important;background-position: 0 0 !important;background-repeat: no-repeat !important;}&#8221; el_id=&#8221;home&#8221;][vc_column color_style=&#8221;&#8221; css=&#8221;.vc_custom_1505935475872{padding-top: 150px !important;}&#8221;][vc_single_image image=&#8221;1480&#8243; img_size=&#8221;medium&#8221; alignment=&#8221;center&#8221; css_animation=&#8221;fadeIn&#8221;]<div class=\" size-sm align-center clearfix  pix-animate-cre\" data-trans=\"slideInDown\"  data-duration=\"700\"  data-delay=\"200\"><h2 class=\"main-title title uppercase sub-title-con \" style=\"\"><\/h2><p class=\"sub-title\" style=\"font-family: 'Lato', san-serif;font-size: 18px;font-style: normal;font-weight: 400;\">SERVICE de la PUBLICIT\u00c9 is an inter-connected global network of leading marketing communications companies. Our portfolio provides the best talent, creativity, technology and innovation to some of the world\u2019s most iconic and successful brands. We offer a diverse, comprehensive range of marketing solutions spanning brand advertising, customer relationship management (CRM), media planning and buying services, public relations and numerous specialty communications services to drive bottom-line results for our clients.<\/p><\/div><div class=\"pix_button clear button-center\"><a href=\"#about\" title=\"\"  class=\"btn btn-outline btn-rectangle  btn-md colorbtn btn-publicite\">READ MORE<\/a><\/div>[\/vc_column][\/vc_row][vc_row full_width=&#8221;stretch_row_content_no_spaces&#8221; equal_height=&#8221;yes&#8221; content_placement=&#8221;middle&#8221; css=&#8221;.vc_custom_1559041061558{padding-top: 0px !important;padding-bottom: 0px !important;}&#8221; el_id=&#8221;about&#8221;][vc_column color_style=&#8221;&#8221; width=&#8221;1\/2&#8243; css=&#8221;.vc_custom_1559042568904{padding-top: 30px !important;padding-right: 5% !important;padding-bottom: 30px !important;padding-left: 5% !important;}&#8221;]<div class=\" size-sm clearfix \"  ><h2 class=\"main-title title \" style=\"font-size: 24px; \">Philosophy<\/h2> <span class=\"line\"><\/span><\/div>[vc_column_text]We build close relationships with our clients to understand the heritage,<br \/>\nstory and cultural roots of their brands \u2013 to enhance, support and deliver<br \/>\ntheir marketing objectives.[\/vc_column_text]<div class=\" size-sm clearfix \"  ><h2 class=\"main-title title \" style=\"font-size: 24px; \">Concept<\/h2> <span class=\"line\"><\/span><\/div>[vc_column_text]SERVICE de la PUBLICIT\u00c9 offers a wide range of services including specialized<br \/>\nevents, public relations, public affairs, community consultation, design &amp; digital,<br \/>\nadvertising &amp; marketing, sponsorship and media planning &amp; buying.<br \/>\nThe agency works for a diverse range of private, public and third sector clients<br \/>\nand has specialist teams in automotive, food and beverages, fashion, services,<br \/>\nculture and sport among others.[\/vc_column_text]<div class=\" size-sm clearfix \"  ><h2 class=\"main-title title \" style=\"font-size: 24px; \">Service points<\/h2> <span class=\"line\"><\/span><\/div>[vc_column_text]<\/p>\n<p style=\"text-align: center;\">UK | FRANCE | ITALY | CZECH REP. | SLOVAK REP. | LEBANON | UAE | RUSSIA | ROMANIA | BULGARIA | HUNGARY<\/p>\n<p>[\/vc_column_text]<div class=\"pix_button clear \"><a href=\"https:\/\/publicite.cz\/en\/portfolio\/\" title=\"\"  class=\"btn btn-outline btn-rectangle  btn-sm  \">Portfolio<\/a><\/div>[\/vc_column][vc_column color_style=&#8221;&#8221; width=&#8221;1\/2&#8243; css=&#8221;.vc_custom_1505887135746{padding-top: 0px !important;padding-right: 0px !important;padding-bottom: 0px !important;padding-left: 0px !important;background-position: center !important;background-repeat: no-repeat !important;background-size: cover !important;}&#8221;][vc_single_image image=&#8221;1492&#8243; img_size=&#8221;1000&#215;1000&#8243; alignment=&#8221;right&#8221;][\/vc_column][\/vc_row][vc_row full_width=&#8221;stretch_row&#8221; el_id=&#8221;services&#8221;][vc_column]<div class=\" size-sm align-center clearfix \"  ><h2 class=\"main-title title uppercase \" style=\"font-size: 32px; \">Services<\/h2> <span class=\"line\"><\/span><\/div>[vc_empty_space]<div class=\"loadmore-wrap no-portfolio-carousel masonry masonry-class\"><div class=\"wpb_row vc_row-fluid margin-no\"><div class=\"load-container portfolio-contents\"><div class=\"load-element col-sm-6 boxed pix-portfolio-item element \"><div class=\"portfolio-container\"><div class=\"portfolio-img\"style=\"background-image: url(https:\/\/publicite.cz\/wp-content\/uploads\/2019\/05\/Marketing.png);\"><\/div><div class=\"portfolio-hover\"><div class=\"portfolio-link\"><span class=\"portfolio-content\"><h3 class=\"title\">Marketing &#038; Advertising<\/h3><p><\/p><\/span><\/div><\/div><\/div><\/div><div class=\"load-element col-sm-6 boxed pix-portfolio-item element \"><div class=\"portfolio-container\"><div class=\"portfolio-img\"style=\"background-image: url(https:\/\/publicite.cz\/wp-content\/uploads\/2019\/05\/Media.png);\"><\/div><div class=\"portfolio-hover\"><div class=\"portfolio-link\"><span class=\"portfolio-content\"><h3 class=\"title\">Media Buying &#038; Planning<\/h3><p><\/p><\/span><\/div><\/div><\/div><\/div><div class=\"load-element col-md-3 col-sm-6 square pix-portfolio-item element \"><div class=\"portfolio-container\"><div class=\"portfolio-img\"style=\"background-image: url(https:\/\/publicite.cz\/wp-content\/uploads\/2019\/05\/EVENTS_285.png);\"><\/div><div class=\"portfolio-hover\"><div class=\"portfolio-link\"><span class=\"portfolio-content\"><h3 class=\"title\">Event Management<\/h3><p><\/p><\/span><\/div><\/div><\/div><\/div><div class=\"load-element col-md-3 col-sm-6 square pix-portfolio-item element \"><div class=\"portfolio-container\"><div class=\"portfolio-img\"style=\"background-image: url(https:\/\/publicite.cz\/wp-content\/uploads\/2019\/05\/CAMPAING_285.png);\"><\/div><div class=\"portfolio-hover\"><div class=\"portfolio-link\"><span class=\"portfolio-content\"><h3 class=\"title\">Political Marketing &#038; Campaigns<\/h3><p><\/p><\/span><\/div><\/div><\/div><\/div><div class=\"load-element col-md-3 col-sm-6 square pix-portfolio-item element \"><div class=\"portfolio-container\"><div class=\"portfolio-img\"style=\"background-image: url(https:\/\/publicite.cz\/wp-content\/uploads\/2019\/05\/SPONSOR.png);\"><\/div><div class=\"portfolio-hover\"><div class=\"portfolio-link\"><span class=\"portfolio-content\"><h3 class=\"title\">Sponsoring<\/h3><p><\/p><\/span><\/div><\/div><\/div><\/div><div class=\"load-element col-md-3 col-sm-6 square pix-portfolio-item element \"><div class=\"portfolio-container\"><div class=\"portfolio-img\"style=\"background-image: url(https:\/\/publicite.cz\/wp-content\/uploads\/2019\/05\/AUDIT_285.png);\"><\/div><div class=\"portfolio-hover\"><div class=\"portfolio-link\"><span class=\"portfolio-content\"><h3 class=\"title\">Media Audit<\/h3><p><\/p><\/span><\/div><\/div><\/div><\/div><div class=\"load-element col-md-3 col-sm-6 square pix-portfolio-item element \"><div class=\"portfolio-container\"><div class=\"portfolio-img\"style=\"background-image: url(https:\/\/publicite.cz\/wp-content\/uploads\/2019\/05\/GRAPHIC_285.png);\"><\/div><div class=\"portfolio-hover\"><div class=\"portfolio-link\"><span class=\"portfolio-content\"><h3 class=\"title\">Creative Graphic Design &#038; DTP<\/h3><p><\/p><\/span><\/div><\/div><\/div><\/div><div class=\"load-element col-md-3 col-sm-6 square pix-portfolio-item element \"><div class=\"portfolio-container\"><div class=\"portfolio-img\"style=\"background-image: url(https:\/\/publicite.cz\/wp-content\/uploads\/2019\/05\/Consulting_285.png);\"><\/div><div class=\"portfolio-hover\"><div class=\"portfolio-link\"><span class=\"portfolio-content\"><h3 class=\"title\">Consulting<\/h3><p><\/p><\/span><\/div><\/div><\/div><\/div><div class=\"load-element col-md-3 col-sm-6 square pix-portfolio-item element \"><div class=\"portfolio-container\"><div class=\"portfolio-img\"style=\"background-image: url(https:\/\/publicite.cz\/wp-content\/uploads\/2019\/05\/Public_relations285.png);\"><\/div><div class=\"portfolio-hover\"><div class=\"portfolio-link\"><span class=\"portfolio-content\"><h3 class=\"title\">PR &#038; Crisis Communication<\/h3><p><\/p><\/span><\/div><\/div><\/div><\/div><div class=\"load-element col-md-3 col-sm-6 square pix-portfolio-item element \"><div class=\"portfolio-container\"><div class=\"portfolio-img\"style=\"background-image: url(https:\/\/publicite.cz\/wp-content\/uploads\/2019\/05\/Social_media_285.png);\"><\/div><div class=\"portfolio-hover\"><div class=\"portfolio-link\"><span class=\"portfolio-content\"><h3 class=\"title\">Digital Marketing &#038; Social Media<\/h3><p><\/p><\/span><\/div><\/div><\/div><\/div><div class=\"load-element col-md-3 col-sm-6 square pix-portfolio-item element \"><div class=\"portfolio-container\"><div class=\"portfolio-img\"style=\"background-image: url(https:\/\/publicite.cz\/wp-content\/uploads\/2025\/01\/Naming.png);\"><\/div><div class=\"portfolio-hover\"><div class=\"portfolio-link\"><span class=\"portfolio-content\"><h3 class=\"title\">Naming<\/h3><p><\/p><\/span><\/div><\/div><\/div><\/div><div class=\"load-element col-md-3 col-sm-6 square pix-portfolio-item element \"><div class=\"portfolio-container\"><div class=\"portfolio-img\"style=\"background-image: url(https:\/\/publicite.cz\/wp-content\/uploads\/2025\/01\/Branding.png);\"><\/div><div class=\"portfolio-hover\"><div class=\"portfolio-link\"><span class=\"portfolio-content\"><h3 class=\"title\">Branding<\/h3><p><\/p><\/span><\/div><\/div><\/div><\/div><div class=\"load-element col-md-3 col-sm-6 square pix-portfolio-item element \"><div class=\"portfolio-container\"><div class=\"portfolio-img\"style=\"background-image: url(https:\/\/publicite.cz\/wp-content\/uploads\/2025\/01\/LINGUISTICS_en.png);\"><\/div><div class=\"portfolio-hover\"><div class=\"portfolio-link\"><span class=\"portfolio-content\"><h3 class=\"title\">LINGUISTICS<\/h3><p><\/p><\/span><\/div><\/div><\/div><\/div><div class=\"load-element col-md-3 col-sm-6 square pix-portfolio-item element \"><div class=\"portfolio-container\"><div class=\"portfolio-img\"style=\"background-image: url(https:\/\/publicite.cz\/wp-content\/uploads\/2025\/01\/Trademarks_en.png);\"><\/div><div class=\"portfolio-hover\"><div class=\"portfolio-link\"><span class=\"portfolio-content\"><h3 class=\"title\">TRADEMARKS<\/h3><p><\/p><\/span><\/div><\/div><\/div><\/div><\/div><\/div><\/div>[\/vc_column][\/vc_row][vc_row css=&#8221;.vc_custom_1505412167967{padding-top: 65px !important;padding-bottom: 100px !important;}&#8221; el_id=&#8221;reference&#8221;][vc_column]<div class=\" size-sm align-center clearfix \"  ><h2 class=\"main-title title uppercase \" style=\"font-size: 32px; \">References<\/h2> <span class=\"line\"><\/span><\/div>[vc_media_grid grid_id=&#8221;vc_gid:1737824115301-c952b96d-c3ca-4&#8243; include=&#8221;1905,1899,1917,1915,1907,1913,1909,1903,1911,1921,1919,1901,1846,1848,1850,1852,1854,1856,1858,1860,1862&#8243;][\/vc_column][\/vc_row][vc_row full_width=&#8221;stretch_row_content_no_spaces&#8221; el_id=&#8221;contact&#8221; el_class=&#8221;nopadding&#8221;][vc_column]<div class=\" size-sm align-center clearfix \"  ><h2 class=\"main-title title uppercase black\" style=\"font-size: 32px; \">Contact<\/h2> <span class=\"line\"><\/span><\/div>\n            \n            \n            \n            <a name='map3'><\/a>\n            \n            \n            \n            \n\n            <div class=\"wpgmza_map \"  id=\"wpgmza_map_3\" style=\"display:block; overflow:auto; width:100%; height:600px; float:left;\" data-settings='{\"id\":\"3\",\"map_title\":\"publicite\",\"map_width\":\"100\",\"map_height\":\"600\",\"map_start_lat\":\"50.085532\",\"map_start_lng\":\"14.425059\",\"map_start_location\":\"50.08553199999998,14.425059000000022\",\"map_start_zoom\":\"16\",\"default_marker\":\"0\",\"type\":\"1\",\"alignment\":\"1\",\"directions_enabled\":\"1\",\"styling_enabled\":\"0\",\"styling_json\":\"\",\"active\":\"0\",\"kml\":\"\",\"bicycle\":\"0\",\"traffic\":\"0\",\"dbox\":\"1\",\"dbox_width\":\"100\",\"listmarkers\":\"0\",\"listmarkers_advanced\":\"0\",\"filterbycat\":\"0\",\"ugm_enabled\":\"0\",\"ugm_category_enabled\":\"0\",\"fusion\":\"\",\"map_width_type\":\"\\\\%\",\"map_height_type\":\"px\",\"mass_marker_support\":\"0\",\"ugm_access\":\"0\",\"order_markers_by\":\"1\",\"order_markers_choice\":\"2\",\"show_user_location\":\"2\",\"default_to\":\"\",\"other_settings\":{\"wpgmza_store_locator_restrict\":\"\",\"wpgmza_sl_animation\":\"1\",\"store_locator_query_string\":\"ZIP \\\/ Address:\",\"store_locator_name_string\":\"Title \\\/ Description:\",\"store_locator_default_address\":\"\",\"wpgmza_dbox_width_type\":\"%\",\"map_max_zoom\":\"3\",\"map_min_zoom\":\"21\",\"sl_stroke_color\":\"FF0000\",\"sl_stroke_opacity\":\"0.25\",\"sl_fill_color\":\"FF0000\",\"sl_fill_opacity\":\"0.15\",\"click_open_link\":2,\"transport_layer\":0,\"iw_primary_color\":\"2A3744\",\"iw_accent_color\":\"252F3A\",\"iw_text_color\":\"FFFFFF\",\"wpgmza_iw_type\":\"0\",\"list_markers_by\":\"0\",\"push_in_map\":\"\",\"push_in_map_placement\":\"9\",\"wpgmza_push_in_map_width\":\"\",\"wpgmza_push_in_map_height\":\"\",\"wpgmza_theme_data\":\"[{\\\\\\\"featureType\\\\\\\":\\\\\\\"landscape\\\\\\\",\\\\\\\"stylers\\\\\\\":[{\\\\\\\"saturation\\\\\\\":-100},{\\\\\\\"lightness\\\\\\\":65},{\\\\\\\"visibility\\\\\\\":\\\\\\\"on\\\\\\\"}]},{\\\\\\\"featureType\\\\\\\":\\\\\\\"poi\\\\\\\",\\\\\\\"stylers\\\\\\\":[{\\\\\\\"saturation\\\\\\\":-100},{\\\\\\\"lightness\\\\\\\":51},{\\\\\\\"visibility\\\\\\\":\\\\\\\"simplified\\\\\\\"}]},{\\\\\\\"featureType\\\\\\\":\\\\\\\"road.highway\\\\\\\",\\\\\\\"stylers\\\\\\\":[{\\\\\\\"saturation\\\\\\\":-100},{\\\\\\\"visibility\\\\\\\":\\\\\\\"simplified\\\\\\\"}]},{\\\\\\\"featureType\\\\\\\":\\\\\\\"road.arterial\\\\\\\",\\\\\\\"stylers\\\\\\\":[{\\\\\\\"saturation\\\\\\\":-100},{\\\\\\\"lightness\\\\\\\":30},{\\\\\\\"visibility\\\\\\\":\\\\\\\"on\\\\\\\"}]},{\\\\\\\"featureType\\\\\\\":\\\\\\\"road.local\\\\\\\",\\\\\\\"stylers\\\\\\\":[{\\\\\\\"saturation\\\\\\\":-100},{\\\\\\\"lightness\\\\\\\":40},{\\\\\\\"visibility\\\\\\\":\\\\\\\"on\\\\\\\"}]},{\\\\\\\"featureType\\\\\\\":\\\\\\\"transit\\\\\\\",\\\\\\\"stylers\\\\\\\":[{\\\\\\\"saturation\\\\\\\":-100},{\\\\\\\"visibility\\\\\\\":\\\\\\\"simplified\\\\\\\"}]},{\\\\\\\"featureType\\\\\\\":\\\\\\\"administrative.province\\\\\\\",\\\\\\\"stylers\\\\\\\":[{\\\\\\\"visibility\\\\\\\":\\\\\\\"off\\\\\\\"}]},{\\\\\\\"featureType\\\\\\\":\\\\\\\"water\\\\\\\",\\\\\\\"elementType\\\\\\\":\\\\\\\"labels\\\\\\\",\\\\\\\"stylers\\\\\\\":[{\\\\\\\"visibility\\\\\\\":\\\\\\\"on\\\\\\\"},{\\\\\\\"lightness\\\\\\\":-25},{\\\\\\\"saturation\\\\\\\":-100}]},{\\\\\\\"featureType\\\\\\\":\\\\\\\"water\\\\\\\",\\\\\\\"elementType\\\\\\\":\\\\\\\"geometry\\\\\\\",\\\\\\\"stylers\\\\\\\":[{\\\\\\\"hue\\\\\\\":\\\\\\\"#ffff00\\\\\\\"},{\\\\\\\"lightness\\\\\\\":-25},{\\\\\\\"saturation\\\\\\\":-97}]}]\",\"wpgmza_theme_selection\":3,\"upload_default_ul_marker\":\"\",\"upload_default_sl_marker\":\"\",\"shortcodeAttributes\":{\"id\":\"3\"}}}' data-shortcode-attributes='{\"id\":\"3\"}'> <\/div>\n            \n               \n        <div style=\"display:block; width:100%;\">\n\t\t\t\t\n\t\t\t\t\n\t\t\t\t\n\t\t\t\t<div id=\"wpgmaps_directions_notification_3\" style=\"display:none;\">Fetching directions......<\/div>\n\t\t\t\t\n\t\t\t\t<div id=\"wpgmaps_directions_reset_3\" style=\"display:none;\">\n\t\t\t\t\t<a href='javascript:void(0)' onclick='wpgmza_reset_directions(3);' id='wpgmaps_reset_directions' title='Reset directions'>Reset directions<\/a>\n\t\t\t\t\t<br \/>\n\t\t\t\t\t<a href='javascript: ;' id='wpgmaps_print_directions_3' target='_blank' title='Print directions'>Print directions<\/a>\n\t\t\t\t<\/div>\n\t\t\t\t\n\t\t\t\t<div id=\"directions_panel_3\"><\/div>\n\n\t\t\t<\/div>[\/vc_column][\/vc_row][vc_row equal_height=&#8221;yes&#8221; content_placement=&#8221;top&#8221; css=&#8221;.vc_custom_1505411997715{margin-top: -100px !important;}&#8221;][vc_column width=&#8221;1\/3&#8243;][vc_single_image image=&#8221;1385&#8243; img_size=&#8221;full&#8221; css_animation=&#8221;fadeIn&#8221;][vc_column_text]<strong>Registered seat:<br \/>\n<\/strong>Ovocn\u00fd trh 579\/6<br \/>\n110 00\u00a0\u00a0Praha 1<br \/>\nCzech Republic<br \/>\nI\u010c: 24162043<br \/>\nDI\u010c: CZ24162043<br \/>\nIBAN: CZ9703000000000271066976[\/vc_column_text][\/vc_column][vc_column width=&#8221;1\/3&#8243;][vc_single_image image=&#8221;1386&#8243; img_size=&#8221;full&#8221; css_animation=&#8221;fadeIn&#8221;][vc_column_text]<strong>Registered seat:<br \/>\n<\/strong>Purky\u0148ova 74\/2<br \/>\n110 00\u00a0\u00a0Praha 1<br \/>\nCzech Republic<br \/>\nI\u010c: 01470108<br \/>\nDI\u010c: CZ01470108<br \/>\nIBAN:\u00a0CZ9003000000000258143404[\/vc_column_text][\/vc_column][vc_column color_style=&#8221;&#8221; width=&#8221;1\/3&#8243;][vc_column_text css=&#8221;.vc_custom_1559044989204{margin-top: 126px !important;}&#8221;]<strong>Office:<br \/>\n<\/strong>Na P\u0159\u00edkop\u011b 1047\/17<br \/>\n110 00\u00a0 Praha 1<br \/>\nCzech Republic<br \/>\ne-mail: <a href=\"mailto:info@publicite.cz\">info@publicite.cz<\/a><br \/>\ntel.: <a href=\"tel:00420777130487\">+420 777 130 487<\/a>[\/vc_column_text][\/vc_column][\/vc_row]<\/p>\n<\/div>","protected":false},"excerpt":{"rendered":"<p>[vc_row full_width=&#8221;stretch_row&#8221; css=&#8221;.vc_custom_1559040235928{background: #3e3d3e url(https:\/\/publicite.cz\/wp-content\/uploads\/2019\/05\/zahlaviV03.jpg?id=1482) !important;background-position: 0 0 !important;background-repeat: no-repeat !important;}&#8221; el_id=&#8221;home&#8221;][vc_column color_style=&#8221;&#8221; css=&#8221;.vc_custom_1505935475872{padding-top: 150px !important;}&#8221;][vc_single_image image=&#8221;1480&#8243; img_size=&#8221;medium&#8221; alignment=&#8221;center&#8221; css_animation=&#8221;fadeIn&#8221;][\/vc_column][\/vc_row][vc_row full_width=&#8221;stretch_row_content_no_spaces&#8221; equal_height=&#8221;yes&#8221; content_placement=&#8221;middle&#8221; css=&#8221;.vc_custom_1559041061558{padding-top: 0px !important;padding-bottom: 0px !important;}&#8221; el_id=&#8221;about&#8221;][vc_column color_style=&#8221;&#8221; width=&#8221;1\/2&#8243; css=&#8221;.vc_custom_1559042568904{padding-top: 30px !important;padding-right: 5% !important;padding-bottom: 30px !important;padding-left: 5% !important;}&#8221;][vc_column_text]We&#8230;<\/p>\n","protected":false},"author":1,"featured_media":0,"parent":0,"menu_order":0,"comment_status":"closed","ping_status":"closed","template":"","meta":{"footnotes":""},"_links":{"self":[{"href":"https:\/\/publicite.cz\/en\/wp-json\/wp\/v2\/pages\/1113"}],"collection":[{"href":"https:\/\/publicite.cz\/en\/wp-json\/wp\/v2\/pages"}],"about":[{"href":"https:\/\/publicite.cz\/en\/wp-json\/wp\/v2\/types\/page"}],"author":[{"embeddable":true,"href":"https:\/\/publicite.cz\/en\/wp-json\/wp\/v2\/users\/1"}],"replies":[{"embeddable":true,"href":"https:\/\/publicite.cz\/en\/wp-json\/wp\/v2\/comments?post=1113"}],"version-history":[{"count":103,"href":"https:\/\/publicite.cz\/en\/wp-json\/wp\/v2\/pages\/1113\/revisions"}],"predecessor-version":[{"id":1924,"href":"https:\/\/publicite.cz\/en\/wp-json\/wp\/v2\/pages\/1113\/revisions\/1924"}],"wp:attachment":[{"href":"https:\/\/publicite.cz\/en\/wp-json\/wp\/v2\/media?parent=1113"}],"curies":[{"name":"wp","href":"https:\/\/api.w.org\/{rel}","templated":true}]}}